{"id":136,"date":"2018-09-25T08:05:20","date_gmt":"2018-09-25T08:05:20","guid":{"rendered":"https:\/\/www.chinapowdercoating.com\/es\/?page_id=136"},"modified":"2018-10-03T03:48:36","modified_gmt":"2018-10-03T03:48:36","slug":"taller-de-produccion","status":"publish","type":"page","link":"https:\/\/www.chinapowdercoating.com\/es\/taller-de-produccion\/","title":{"rendered":"Taller de Producci\u00f3n"},"content":{"rendered":"<ul>\n<li>\u00c1rea 20,000 \u33a1,<\/li>\n<li>1 edificio de oficinas, 6 talleres<\/li>\n<li>7 l\u00ednea de producci\u00f3n<\/li>\n<li>Capacidad cantidad 400 toneladas por mes<\/li>\n<\/ul>\n\t\t\t\t<link rel=\"stylesheet\" type=\"text\/css\" href=\"https:\/\/www.chinapowdercoating.com\/es\/wp-content\/plugins\/gallery-videos\/Includes\/..\/CSS\/totalsoft.css\">\r\n\t\t\t\t   <link href=\"https:\/\/fonts.googleapis.com\/css?family=Gabriola|Gabriola\" >\r\n\t\t\t  <script src=\"https:\/\/www.chinapowdercoating.com\/es\/wp-content\/plugins\/gallery-videos\/Includes\/..\/JS\/jquery.adipoli.js\" type=\"text\/javascript\"><\/script>\r\n  <link href=\"https:\/\/www.chinapowdercoating.com\/es\/wp-content\/plugins\/gallery-videos\/Includes\/..\/CSS\/jquery.fs.boxer.css\" rel=\"stylesheet\" type=\"text\/css\" media=\"all\">\r\n  <script src=\"https:\/\/www.chinapowdercoating.com\/es\/wp-content\/plugins\/gallery-videos\/Includes\/..\/JS\/jquery.fs.boxer.js\" type=\"text\/javascript\"><\/script>\r\n  <script type=\"text\/javascript\">\r\n    <!--\r\n    jQuery(function() {\r\n      jQuery('.totalsoft_gv_tv_img_6').adipoli({\r\n        'startEffect': 'normal',\r\n        'hoverEffect': 'popout',\r\n        'imageOpacity': 1,\r\n        'animSpeed': 400,\r\n        'fillColor': '#009491',\r\n        'textColor': '#ffffff',\r\n        'overlayText': '<i class=\"totalsoft totalsoft-play-circle\"><\/i>',\r\n        'slices': 30,\r\n        'boxCols': 8,\r\n        'boxRows': 8,\r\n        'popOutMargin': 1,\r\n        'popOutShadow': 20,\r\n        'popOutShadowC': '#878787'\r\n      });\r\n    });\r\n    \/\/-->\r\n  <\/script>\r\n  <script>\r\n    <!--\r\n    jQuery(document).ready(function() {\r\n      if(jQuery(window).width() < 820) {\r\n        jQuery(\".boxer_6\").boxer({mobile: true});\r\n      }\r\n      else {\r\n        jQuery(\".boxer_6\").not(\".retina, .boxer_fixed, .boxer_top, .boxer_format, .boxer_mobile, .boxer_object\").boxer();\r\n      }\r\n      jQuery(\".boxer_6.boxer_object\").click(function(e) {\r\n        e.preventDefault();\r\n        e.stopPropagation();\r\n        $.boxer(jQuery('<div class=\"inline_content\"><h2>More Content!<\/h2><p>This was created by jQuery and loaded into the new Boxer instance.<\/p><\/div>'));\r\n      });\r\n      jQuery(window).one(\"pronto.load\", function() {\r\n        jQuery.boxer(\"close\");\r\n        jQuery(\".boxer_6\").boxer(\"destroy\");\r\n      });\r\n    });\r\n    \/\/-->\r\n  <\/script>\r\n  <style type=\"text\/css\">\r\n      ul.pagination6 li {\r\n          border: none !important;\r\n          list-style: none !important;\r\n      }\r\n\r\n      ul.pagination6 li span {\r\n          background: #ffffff !important;\r\n          color: #939393 !important;\r\n          font-size: 21px;\r\n          font-family: Gabriola;\r\n          height: auto !important;\r\n          line-height: 1 !important;\r\n       border: none !important;\r\n       display: block;\r\n      }\r\n\r\n      ul.pagination6 li span:hover:not(.active) {\r\n          background: #939393 !important;\r\n          color: #e0e0e0 !important;\r\n      }\r\n\r\n      ul.pagination6 li span.active {\r\n          background: #939393 !important;\r\n          color: #ffffff !important;\r\n      }\r\n\r\n      .TotalSoftGV_TV_LM6 {\r\n          background-color: #ffffff;\r\n          color: #939393;\r\n          font-size: 21px;\r\n          font-family: Gabriola;\r\n       border: none !important;\r\n       cursor: pointer;\r\n          display: block;\r\n          padding: 3px !important;\r\n          line-height: 1 !important;\r\n      }\r\n\r\n      .TotalSoftGV_TV_LM6:hover {\r\n          background-color: #939393;\r\n          color: #e0e0e0;\r\n      }\r\n\r\n      #boxer-overlay {\r\n          background: rgba(0, 0, 0, 0.25);\r\n          position: fixed !important;\r\n          z-index: 999999999;\r\n          opacity: 1 !important;\r\n          webkit-transition: opacity 0.25s linear;\r\n          transition: opacity 0.25s linear;\r\n      }\r\n\r\n      #boxer {\r\n       background: rgba(30,115,190,0.65);\r\n       border-radius: 0px;\r\n          box-shadow: 0 0 25px#ffffff;\r\n      }\r\n\r\n      #boxer .boxer-container {\r\n            }\r\n\r\n      #boxer .boxer-caption p {\r\n          color: #ffffff;\r\n          font-size: 25px;\r\n          font-family: Gabriola;\r\n          text-align: center;\r\n      }\r\n\r\n      #boxer .boxer-caption {\r\n          background: none !important;\r\n          border: none !important;\r\n      }\r\n\r\n      #boxer .boxer-position {\r\n          color: #ffffff;\r\n          font-size: 16px;\r\n          perspective: 800px;\r\n          transform: translate3d(0, 0, 0);\r\n          -moz-transform: translate3d(0, 0, 0);\r\n          -webkit-transform: translate3d(0, 0, 0);\r\n      }\r\n\r\n      #boxer .boxer-control {\r\n          background: rgba(30,115,190,0.45);\r\n          border-radius: 4%;\r\n      }\r\n\r\n      #boxer .boxer-control.previous:before {\r\n          border-right: 10.4px solid#ffffff;\r\n      }\r\n\r\n      #boxer .boxer-control.next:before {\r\n          border-left: 10.4px solid#ffffff;\r\n      }\r\n\r\n      #boxer .boxer-close {\r\n          background: #ffffff;\r\n          border-radius: 100%;\r\n      }\r\n\r\n      #boxer .boxer-close:before {\r\n          color: #1e73be;\r\n      }\r\n\r\n      .adipoli-slice {\r\n          display: block;\r\n          position: absolute;\r\n          z-index: 15;\r\n          height: 100%;\r\n      }\r\n\r\n      .adipoli-box {\r\n          display: block;\r\n          position: absolute;\r\n          z-index: 15;\r\n      }\r\n      .totalsoft_gv_tv_row {\r\n          opacity: 1 !important;\r\n        }\r\n\r\n      .totalsoft_gv_tv_row p {\r\n          position: relative;\r\n          color: #ffffff;\r\n          margin: 0px !important;\r\n          text-align: center !important;\r\n          top: 50%;\r\n          transform: translateY(-50%);\r\n          -webkit-transform: translateY(-50%);\r\n          -ms-transform: translateY(-50%);\r\n          -moz-transform: translateY(-50%);\r\n          -o-transform: translateY(-50%);\r\n          z-index: 9999999999;\r\n          font-size: 45px;\r\n      }\r\n\r\n      .boxer_6 {\r\n          opacity: 0;\r\n            }\r\n\r\n      .effect-container6 {\r\n       position: relative;\r\n          float: left;\r\n          width: 100%;\r\n      }\r\n\r\n      .TS_GV_TVG_Loading_6 {\r\n          position: absolute;\r\n          left: 0;\r\n          top: 0;\r\n          width: 100%;\r\n          height: 100%;\r\n          background: ;\r\n          z-index: 10;\r\n          padding: 0;\r\n          overflow: hidden !important;\r\n          text-align: center;\r\n      }\r\n\r\n      .TS_GV_TVG_Loading_6 img {\r\n          margin: 0 auto !important;\r\n          position: relative;\r\n          top: 50%;\r\n          transform: translateY(-50%);\r\n          -moz-transform: translateY(-50%);\r\n          -webkit-transform: translateY(-50%);\r\n      }\r\n  <\/style>\r\n  <div class=\"effect-container effect-container6\">\r\n\t\t\t\t\t\t\t\t\t\t\t\t\t\t       <a style='margin:5px; display: inline-block; max-width: none; border: none;' href=\"https:\/\/player.vimeo.com\/video\/212713154\" class=\"boxer_6 boxer small\" data-gallery=\"video_gallery_6\" title=\"Empacadora de pintura en polvo\"><img class=\"img-style totalsoft_gv_tv_row totalsoft_gv_tv_img_6\" style=\"width: 320px; height: 180px;\" src=\"https:\/\/www.chinapowdercoating.com\/wp-content\/uploads\/2017\/09\/packingmachine.jpg\"\/><\/a>\r\n\t\t\t\t\t\t\t\t\t\t\t\t\t\t\t       <a style='margin:5px; display: inline-block; max-width: none; border: none;' href=\"https:\/\/player.vimeo.com\/video\/212712048\" class=\"boxer_6 boxer small\" data-gallery=\"video_gallery_6\" title=\"Taller de producci\u00f3n n. \u00b0 1\"><img class=\"img-style totalsoft_gv_tv_row totalsoft_gv_tv_img_6\" style=\"width: 320px; height: 180px;\" src=\"https:\/\/www.chinapowdercoating.com\/wp-content\/uploads\/2017\/09\/workshop1.jpg\"\/><\/a>\r\n\t\t\t\t\t\t\t\t\t\t\t\t\t\t\t       <a style='margin:5px; display: inline-block; max-width: none; border: none;' href=\"https:\/\/player.vimeo.com\/video\/212712174\" class=\"boxer_6 boxer small\" data-gallery=\"video_gallery_6\" title=\"Taller de producci\u00f3n n. \u00b0 2\"><img class=\"img-style totalsoft_gv_tv_row totalsoft_gv_tv_img_6\" style=\"width: 320px; height: 180px;\" src=\"https:\/\/www.chinapowdercoating.com\/wp-content\/uploads\/2017\/09\/workshop2.jpg\"\/><\/a>\r\n\t\t\t\t\t\t\t\t\t\t\t\t\t\t\t       <a style='margin:5px; display: inline-block; max-width: none; border: none;' href=\"https:\/\/player.vimeo.com\/video\/212712386\" class=\"boxer_6 boxer small\" data-gallery=\"video_gallery_6\" title=\"Taller de producci\u00f3n n. \u00b0 3\"><img class=\"img-style totalsoft_gv_tv_row totalsoft_gv_tv_img_6\" style=\"width: 320px; height: 180px;\" src=\"https:\/\/www.chinapowdercoating.com\/wp-content\/uploads\/2017\/09\/worshop3.jpg\"\/><\/a>\r\n\t\t\t\t\t\t\t\t\t\t\t\t\t\t\t       <a style='margin:5px; display: inline-block; max-width: none; border: none;' href=\"https:\/\/player.vimeo.com\/video\/212147474\" class=\"boxer_6 boxer small\" data-gallery=\"video_gallery_6\" title=\"Almac\u00e9n de productos terminados\"><img class=\"img-style totalsoft_gv_tv_row totalsoft_gv_tv_img_6\" style=\"width: 320px; height: 180px;\" src=\"https:\/\/www.chinapowdercoating.com\/wp-content\/uploads\/2017\/09\/FinishedProductsWarehouse.jpg\"\/><\/a>\r\n\t\t\t\t\t\t\t\t\t\t\t\t\t\t\t       <a style='margin:5px; display: inline-block; max-width: none; border: none;' href=\"https:\/\/player.vimeo.com\/video\/212146890\" class=\"boxer_6 boxer small\" data-gallery=\"video_gallery_6\" title=\"Taller de Materiales\"><img class=\"img-style totalsoft_gv_tv_row totalsoft_gv_tv_img_6\" style=\"width: 320px; height: 180px;\" src=\"https:\/\/www.chinapowdercoating.com\/wp-content\/uploads\/2017\/09\/RawMaterialWarehouse.jpg\"\/><\/a>\r\n\t\t\t\t\t\t\t\t\t\t\t\t\t  <\/div>\r\n  <input type='text' style='display:none;' class='Totalsoft_Thumb_W' value='320'>\r\n  <input type='text' style='display:none;' class='Totalsoft_Thumb_H' value='180'>\r\n  <input type='text' style='display:none;' class='Totalsoft_Thumb_PBImgs' value='5'>\r\n  <input type='text' style='display:none;' class='Totalsoft_Thumb_FS' value='45'>\r\n  <input type='text' style='display:none;' class='TS_VG_TG_AE_6' value=''>\r\n  <script>\r\n    <!--\r\n    jQuery(document).ready(function() {\r\n      var array_images6=[];\r\n      jQuery('.boxer_6').each(function() {\r\n        if(jQuery(this).find('img').attr(\"src\")!=\"\") {\r\n          array_images6.push(jQuery(this).find('img').attr(\"src\"));\r\n        }\r\n      })\r\n      var y_images6=0;\r\n      jQuery('.boxer_6').each(function(i) {\r\n        jQuery(this).find('img').attr('src', array_images6[i]).on(\"load\", function() {\r\n          y_images6++;\r\n          if(y_images6 ==array_images6.length) {\r\n            jQuery('.TS_GV_TVG_Loading_6').css('display', 'none');\r\n          }\r\n        })\r\n      })\r\n      var parent_width=jQuery('.boxer_6').parent('div').width();\r\n      var Totalsoft_Thumb_W=parseInt(jQuery('.Totalsoft_Thumb_W').val());\r\n      var Totalsoft_Thumb_H=parseInt(jQuery('.Totalsoft_Thumb_H').val());\r\n      var Totalsoft_Thumb_PBImgs=parseInt(jQuery('.Totalsoft_Thumb_PBImgs').val());\r\n      var Totalsoft_Thumb_FS=parseInt(jQuery('.Totalsoft_Thumb_FS').val());\r\n\r\n      function checkPosition() {\r\n        \/*----poxel---*\/\r\n        var total_soft_gallery_video=jQuery('.boxer_6').parent().parent();\r\n        var parent_width=jQuery('.boxer_6').parent().parent().width();\r\n        jQuery(total_soft_gallery_video).each(function(index, elem) {\r\n          if(jQuery(elem).width() < Totalsoft_Thumb_W) {\r\n            jQuery(elem).find('.img-style').css('width', parent_width - 5 + 'px');\r\n            jQuery(elem).find('.img-style').css('height', Totalsoft_Thumb_H - 20 + 'px');\r\n            jQuery('.totalsoft_gv_tv_row').width('width', parent_width - 5 + 'px');\r\n            jQuery(total_soft_gallery_video).css({'padding-right': '0', 'padding-left': '0'});\r\n          }\r\n          else if(jQuery(elem).width() > Totalsoft_Thumb_W) {\r\n            jQuery(elem).find('.img-style').css('width', Totalsoft_Thumb_W);\r\n            jQuery(elem).find('.img-style').css('height', Totalsoft_Thumb_H);\r\n            jQuery('.totalsoft_gv_tv_row').width('width', parent_width);\r\n          }\r\n        });\r\n      }\r\n\r\n      jQuery(window).on('load', function() {\r\n        checkPosition();\r\n      });\r\n      jQuery(window).resize(function() {\r\n        checkPosition();\r\n      });\r\n      var delaytime=0;\r\n      var TS_VG_TG_AE=jQuery('.TS_VG_TG_AE_6').val();\r\n      jQuery('.effect-container6 .boxer').each(function() {\r\n        if(!jQuery(this).hasClass('noshow1')) {\r\n          delaytime++;\r\n          if(TS_VG_TG_AE=='') {\r\n            jQuery(this).css({'display': 'inline-block', 'opacity': '1'});\r\n          }\r\n          else if(TS_VG_TG_AE=='fadeIn') {\r\n            jQuery(this).css({'display': 'inline-block', 'animation': 'fadeIn 0.65s ease ' + 0.2 * delaytime + 's forwards', '-webkit-animation': 'fadeIn 0.65s ease ' + 0.2 * delaytime + 's forwards', '-moz-animation': 'fadeIn 0.65s ease ' + 0.2 * delaytime + 's forwards'});\r\n          }\r\n          else if(TS_VG_TG_AE=='moveUp') {\r\n            jQuery(this).css({'display': 'inline-block', 'animation': 'moveUp 0.65s ease ' + 0.2 * delaytime + 's forwards', '-webkit-animation': 'moveUp 0.65s ease ' + 0.2 * delaytime + 's forwards', '-moz-animation': 'moveUp 0.65s ease ' + 0.2 * delaytime + 's forwards'});\r\n          }\r\n          else if(TS_VG_TG_AE=='scaleUp') {\r\n            jQuery(this).css({'display': 'inline-block', 'animation': 'scaleUp 0.65s ease-in-out ' + 0.2 * delaytime + 's forwards', '-webkit-animation': 'scaleUp 0.65s ease-in-out ' + 0.2 * delaytime + 's forwards', '-moz-animation': 'scaleUp 0.65s ease-in-out ' + 0.2 * delaytime + 's forwards'});\r\n          }\r\n          else if(TS_VG_TG_AE=='fallPerspective') {\r\n            jQuery(this).css({'display': 'inline-block', 'animation': 'fallPerspective 0.8s ease-in-out ' + 0.2 * delaytime + 's forwards', '-webkit-animation': 'fallPerspective 0.8s ease-in-out ' + 0.2 * delaytime + 's forwards', '-moz-animation': 'fallPerspective 0.8s ease-in-out ' + 0.2 * delaytime + 's forwards'});\r\n          }\r\n          else if(TS_VG_TG_AE=='fly') {\r\n            jQuery(this).css({'display': 'inline-block', 'animation': 'fly 0.8s ease-in-out ' + 0.2 * delaytime + 's forwards', '-webkit-animation': 'fly 0.8s ease-in-out ' + 0.2 * delaytime + 's forwards', '-moz-animation': 'fly 0.8s ease-in-out ' + 0.2 * delaytime + 's forwards'});\r\n          }\r\n          else if(TS_VG_TG_AE=='flip') {\r\n            jQuery(this).css({'display': 'inline-block', 'animation': 'flip 0.8s ease-in-out ' + 0.2 * delaytime + 's forwards', '-webkit-animation': 'flip 0.8s ease-in-out ' + 0.2 * delaytime + 's forwards', '-moz-animation': 'flip 0.8s ease-in-out ' + 0.2 * delaytime + 's forwards'});\r\n          }\r\n          else if(TS_VG_TG_AE=='helix') {\r\n            jQuery(this).css({'display': 'inline-block', 'animation': 'helix 0.8s ease-in-out ' + 0.2 * delaytime + 's forwards', '-webkit-animation': 'helix 0.8s ease-in-out ' + 0.2 * delaytime + 's forwards', '-moz-animation': 'helix 0.8s ease-in-out ' + 0.2 * delaytime + 's forwards'});\r\n          }\r\n          else if(TS_VG_TG_AE=='popUp') {\r\n            jQuery(this).css({'display': 'inline-block', 'animation': 'popUp 0.8s ease-in ' + 0.2 * delaytime + 's forwards', '-webkit-animation': 'popUp 0.8s ease-in ' + 0.2 * delaytime + 's forwards', '-moz-animation': 'popUp 0.8s ease-in ' + 0.2 * delaytime + 's forwards'});\r\n          }\r\n        }\r\n      })\r\n    })\r\n  \/\/-->\r\n  <\/script>\r\n\n<p>&nbsp;<\/p>\n<p>China Fabricaci\u00f3n profesional de revestimientos en polvo<\/p>\n","protected":false},"excerpt":{"rendered":"<p>\u00c1rea 20,000 \u33a1, 1 edificio de oficinas, 6 talleres 7 l\u00ednea de producci\u00f3n Capacidad cantidad 400 toneladas por mes &nbsp; China Fabricaci\u00f3n profesional de revestimientos en polvo<\/p>\n","protected":false},"author":1,"featured_media":0,"parent":0,"menu_order":0,"comment_status":"closed","ping_status":"closed","template":"","meta":{"ngg_post_thumbnail":0},"aioseo_notices":[],"_links":{"self":[{"href":"https:\/\/www.chinapowdercoating.com\/es\/wp-json\/wp\/v2\/pages\/136"}],"collection":[{"href":"https:\/\/www.chinapowdercoating.com\/es\/wp-json\/wp\/v2\/pages"}],"about":[{"href":"https:\/\/www.chinapowdercoating.com\/es\/wp-json\/wp\/v2\/types\/page"}],"author":[{"embeddable":true,"href":"https:\/\/www.chinapowdercoating.com\/es\/wp-json\/wp\/v2\/users\/1"}],"replies":[{"embeddable":true,"href":"https:\/\/www.chinapowdercoating.com\/es\/wp-json\/wp\/v2\/comments?post=136"}],"version-history":[{"count":6,"href":"https:\/\/www.chinapowdercoating.com\/es\/wp-json\/wp\/v2\/pages\/136\/revisions"}],"predecessor-version":[{"id":170,"href":"https:\/\/www.chinapowdercoating.com\/es\/wp-json\/wp\/v2\/pages\/136\/revisions\/170"}],"wp:attachment":[{"href":"https:\/\/www.chinapowdercoating.com\/es\/wp-json\/wp\/v2\/media?parent=136"}],"curies":[{"name":"wp","href":"https:\/\/api.w.org\/{rel}","templated":true}]}}