{"id":173,"date":"2018-09-25T09:01:10","date_gmt":"2018-09-25T09:01:10","guid":{"rendered":"https:\/\/www.chinapowdercoating.com\/es\/?page_id=173"},"modified":"2018-11-05T09:27:17","modified_gmt":"2018-11-05T09:27:17","slug":"exposicion","status":"publish","type":"page","link":"https:\/\/www.chinapowdercoating.com\/es\/exposicion\/","title":{"rendered":"Exhibici\u00f3n"},"content":{"rendered":"<p>Feihong est\u00e1 presente en las exhibiciones importantes de Pintura en polvo a nivel nacional e internacional anualmente. <\/p>\n\n<div class=\"ngg-galleryoverview ngg-template-caption\" id=\"ngg-gallery-b974d5b9095d76b26e846116fae3397f-173\">\n\n\n\t<!-- Thumbnails -->\n    \t\t\n\t<div id=\"ngg-image-16\" class=\"ngg-gallery-thumbnail-box\" style=\"width:50%;\" >\n\t\t<div class=\"ngg-gallery-thumbnail\" >\n\t\t\t<a href=\"https:\/\/www.chinapowdercoating.com\/es\/wp-content\/gallery\/exposicion-de-revestimientos-en-polvo\/chinacoat.jpg\"\n               title=\"Exposici\u00f3n CHINACOAT\"\n               class=\"ngg-fancybox\" rel=\"b974d5b9095d76b26e846116fae3397f\" data-image-id=\"16\" data-src=\"https:\/\/www.chinapowdercoating.com\/es\/wp-content\/gallery\/exposicion-de-revestimientos-en-polvo\/chinacoat.jpg\" data-thumbnail=\"https:\/\/www.chinapowdercoating.com\/es\/wp-content\/gallery\/exposicion-de-revestimientos-en-polvo\/cache\/chinacoat.jpg-nggid0216-ngg0dyn-330x200x100-00f0w010c011r110f110r010t010.jpg\" data-title=\"Exposici\u00f3n CHINACOAT\" data-description=\"Exposici\u00f3n CHINACOAT\" >\n\t\t\t\t\t\t\t\t<img title=\"Exposici\u00f3n CHINACOAT\" alt=\"Exposici\u00f3n CHINACOAT\" src=\"https:\/\/www.chinapowdercoating.com\/es\/wp-content\/gallery\/exposicion-de-revestimientos-en-polvo\/cache\/chinacoat.jpg-nggid0216-ngg0dyn-330x200x100-00f0w010c011r110f110r010t010.jpg\" width='330' height='200' \/>\n\t\t\t\t\t\t\t<\/a>\n\t\t\t<span>Exposici\u00f3n CHINACOAT<\/span>\n\t\t<\/div>\n\t<\/div>\n\t\t \t\t\n\t<div id=\"ngg-image-17\" class=\"ngg-gallery-thumbnail-box\" style=\"width:50%;\" >\n\t\t<div class=\"ngg-gallery-thumbnail\" >\n\t\t\t<a href=\"https:\/\/www.chinapowdercoating.com\/es\/wp-content\/gallery\/exposicion-de-revestimientos-en-polvo\/chinaimportexhibition.jpg\"\n               title=\"Exposici\u00f3n de Importaci\u00f3n y Exportaci\u00f3n de China\"\n               class=\"ngg-fancybox\" rel=\"b974d5b9095d76b26e846116fae3397f\" data-image-id=\"17\" data-src=\"https:\/\/www.chinapowdercoating.com\/es\/wp-content\/gallery\/exposicion-de-revestimientos-en-polvo\/chinaimportexhibition.jpg\" data-thumbnail=\"https:\/\/www.chinapowdercoating.com\/es\/wp-content\/gallery\/exposicion-de-revestimientos-en-polvo\/cache\/chinaimportexhibition.jpg-nggid0217-ngg0dyn-330x200x100-00f0w010c011r110f110r010t010.jpg\" data-title=\"Exposici\u00f3n de Importaci\u00f3n y Exportaci\u00f3n de China\" data-description=\"Exposici\u00f3n de Importaci\u00f3n y Exportaci\u00f3n de China\" >\n\t\t\t\t\t\t\t\t<img title=\"Exposici\u00f3n de Importaci\u00f3n y Exportaci\u00f3n de China\" alt=\"Exposici\u00f3n de Importaci\u00f3n y Exportaci\u00f3n de China\" src=\"https:\/\/www.chinapowdercoating.com\/es\/wp-content\/gallery\/exposicion-de-revestimientos-en-polvo\/cache\/chinaimportexhibition.jpg-nggid0217-ngg0dyn-330x200x100-00f0w010c011r110f110r010t010.jpg\" width='330' height='200' \/>\n\t\t\t\t\t\t\t<\/a>\n\t\t\t<span>Exposici\u00f3n de Importaci\u00f3n y Exportaci\u00f3n de China<\/span>\n\t\t<\/div>\n\t<\/div>\n\t\t\t<br style=\"clear: both\" \/>\n\t \t\t\n\t<div id=\"ngg-image-18\" class=\"ngg-gallery-thumbnail-box\" style=\"width:50%;\" >\n\t\t<div class=\"ngg-gallery-thumbnail\" >\n\t\t\t<a href=\"https:\/\/www.chinapowdercoating.com\/es\/wp-content\/gallery\/exposicion-de-revestimientos-en-polvo\/coatingexhibition1.jpg\"\n               title=\"Exposici\u00f3n de Importaci\u00f3n y Exportaci\u00f3n\"\n               class=\"ngg-fancybox\" rel=\"b974d5b9095d76b26e846116fae3397f\" data-image-id=\"18\" data-src=\"https:\/\/www.chinapowdercoating.com\/es\/wp-content\/gallery\/exposicion-de-revestimientos-en-polvo\/coatingexhibition1.jpg\" data-thumbnail=\"https:\/\/www.chinapowdercoating.com\/es\/wp-content\/gallery\/exposicion-de-revestimientos-en-polvo\/cache\/coatingexhibition1.jpg-nggid0218-ngg0dyn-330x200x100-00f0w010c011r110f110r010t010.jpg\" data-title=\"Exposici\u00f3n de Importaci\u00f3n y Exportaci\u00f3n\" data-description=\"Exposici\u00f3n de Importaci\u00f3n y Exportaci\u00f3n\" >\n\t\t\t\t\t\t\t\t<img title=\"Exposici\u00f3n de Importaci\u00f3n y Exportaci\u00f3n\" alt=\"Exposici\u00f3n de Importaci\u00f3n y Exportaci\u00f3n\" src=\"https:\/\/www.chinapowdercoating.com\/es\/wp-content\/gallery\/exposicion-de-revestimientos-en-polvo\/cache\/coatingexhibition1.jpg-nggid0218-ngg0dyn-330x200x100-00f0w010c011r110f110r010t010.jpg\" width='330' height='200' \/>\n\t\t\t\t\t\t\t<\/a>\n\t\t\t<span>Exposici\u00f3n de Importaci\u00f3n y Exportaci\u00f3n<\/span>\n\t\t<\/div>\n\t<\/div>\n\t\t \t\t\n\t<div id=\"ngg-image-19\" class=\"ngg-gallery-thumbnail-box\" style=\"width:50%;\" >\n\t\t<div class=\"ngg-gallery-thumbnail\" >\n\t\t\t<a href=\"https:\/\/www.chinapowdercoating.com\/es\/wp-content\/gallery\/exposicion-de-revestimientos-en-polvo\/europeancoatingshow.jpg\"\n               title=\"Los Recubrimientos Europeos Muestran 2017\"\n               class=\"ngg-fancybox\" rel=\"b974d5b9095d76b26e846116fae3397f\" data-image-id=\"19\" data-src=\"https:\/\/www.chinapowdercoating.com\/es\/wp-content\/gallery\/exposicion-de-revestimientos-en-polvo\/europeancoatingshow.jpg\" data-thumbnail=\"https:\/\/www.chinapowdercoating.com\/es\/wp-content\/gallery\/exposicion-de-revestimientos-en-polvo\/cache\/europeancoatingshow.jpg-nggid0219-ngg0dyn-330x200x100-00f0w010c011r110f110r010t010.jpg\" data-title=\"Los Recubrimientos Europeos Muestran 2017\" data-description=\"Los Recubrimientos Europeos Muestran 2017\" >\n\t\t\t\t\t\t\t\t<img title=\"Los Recubrimientos Europeos Muestran 2017\" alt=\"Los Recubrimientos Europeos Muestran 2017\" src=\"https:\/\/www.chinapowdercoating.com\/es\/wp-content\/gallery\/exposicion-de-revestimientos-en-polvo\/cache\/europeancoatingshow.jpg-nggid0219-ngg0dyn-330x200x100-00f0w010c011r110f110r010t010.jpg\" width='330' height='200' \/>\n\t\t\t\t\t\t\t<\/a>\n\t\t\t<span>Los Recubrimientos Europeos Muestran 2017<\/span>\n\t\t<\/div>\n\t<\/div>\n\t\t\t<br style=\"clear: both\" \/>\n\t \t\t\n\t<div id=\"ngg-image-20\" class=\"ngg-gallery-thumbnail-box\" style=\"width:50%;\" >\n\t\t<div class=\"ngg-gallery-thumbnail\" >\n\t\t\t<a href=\"https:\/\/www.chinapowdercoating.com\/es\/wp-content\/gallery\/exposicion-de-revestimientos-en-polvo\/powdercoatingexhibition.JP_.jpg\"\n               title=\"Espect\u00e1culo de Revestimiento de Asia\"\n               class=\"ngg-fancybox\" rel=\"b974d5b9095d76b26e846116fae3397f\" data-image-id=\"20\" data-src=\"https:\/\/www.chinapowdercoating.com\/es\/wp-content\/gallery\/exposicion-de-revestimientos-en-polvo\/powdercoatingexhibition.JP_.jpg\" data-thumbnail=\"https:\/\/www.chinapowdercoating.com\/es\/wp-content\/gallery\/exposicion-de-revestimientos-en-polvo\/cache\/powdercoatingexhibition.JP_.jpg-nggid0220-ngg0dyn-330x200x100-00f0w010c011r110f110r010t010.jpg\" data-title=\"Espect\u00e1culo de Revestimiento de Asia\" data-description=\"Espect\u00e1culo de Revestimiento de Asia\" >\n\t\t\t\t\t\t\t\t<img title=\"Espect\u00e1culo de Revestimiento de Asia\" alt=\"Espect\u00e1culo de Revestimiento de Asia\" src=\"https:\/\/www.chinapowdercoating.com\/es\/wp-content\/gallery\/exposicion-de-revestimientos-en-polvo\/cache\/powdercoatingexhibition.JP_.jpg-nggid0220-ngg0dyn-330x200x100-00f0w010c011r110f110r010t010.jpg\" width='330' height='200' \/>\n\t\t\t\t\t\t\t<\/a>\n\t\t\t<span>Espect\u00e1culo de Revestimiento de Asia<\/span>\n\t\t<\/div>\n\t<\/div>\n\t\t \t\t\n\t<div id=\"ngg-image-21\" class=\"ngg-gallery-thumbnail-box\" style=\"width:50%;\" >\n\t\t<div class=\"ngg-gallery-thumbnail\" >\n\t\t\t<a href=\"https:\/\/www.chinapowdercoating.com\/es\/wp-content\/gallery\/exposicion-de-revestimientos-en-polvo\/powdercoatingexhibition-cantonfair.jpg\"\n               title=\"Feria de Cant\u00f3n\"\n               class=\"ngg-fancybox\" rel=\"b974d5b9095d76b26e846116fae3397f\" data-image-id=\"21\" data-src=\"https:\/\/www.chinapowdercoating.com\/es\/wp-content\/gallery\/exposicion-de-revestimientos-en-polvo\/powdercoatingexhibition-cantonfair.jpg\" data-thumbnail=\"https:\/\/www.chinapowdercoating.com\/es\/wp-content\/gallery\/exposicion-de-revestimientos-en-polvo\/cache\/powdercoatingexhibition-cantonfair.jpg-nggid0221-ngg0dyn-330x200x100-00f0w010c011r110f110r010t010.jpg\" data-title=\"Feria de Cant\u00f3n\" data-description=\"Feria de Cant\u00f3n\" >\n\t\t\t\t\t\t\t\t<img title=\"Feria de Cant\u00f3n\" alt=\"Feria de Cant\u00f3n\" src=\"https:\/\/www.chinapowdercoating.com\/es\/wp-content\/gallery\/exposicion-de-revestimientos-en-polvo\/cache\/powdercoatingexhibition-cantonfair.jpg-nggid0221-ngg0dyn-330x200x100-00f0w010c011r110f110r010t010.jpg\" width='330' height='200' \/>\n\t\t\t\t\t\t\t<\/a>\n\t\t\t<span>Feria de Cant\u00f3n<\/span>\n\t\t<\/div>\n\t<\/div>\n\t\t\t<br style=\"clear: both\" \/>\n\t \t \t\n\t<!-- Pagination -->\n \t<div class='ngg-clear'><\/div> \t\n<\/div>\n\n\n","protected":false},"excerpt":{"rendered":"<p>Feihong est\u00e1 presente en las exhibiciones importantes de Pintura en polvo a nivel nacional e internacional anualmente. \u00bb template=\u00bb\/home\/chinapowder\/public_html\/es\/wp-content\/plugins\/nextgen-gallery\/products\/photocrati_nextgen\/modules\/ngglegacy\/view\/gallery-caption.php\u00bb order_by=\u00bbsortorder\u00bb order_direction=\u00bbASC\u00bb returns=\u00bbincluded\u00bb maximum_entity_count=\u00bb500&#8243;]<\/p>\n","protected":false},"author":1,"featured_media":0,"parent":0,"menu_order":0,"comment_status":"closed","ping_status":"closed","template":"","meta":{"ngg_post_thumbnail":0},"aioseo_notices":[],"_links":{"self":[{"href":"https:\/\/www.chinapowdercoating.com\/es\/wp-json\/wp\/v2\/pages\/173"}],"collection":[{"href":"https:\/\/www.chinapowdercoating.com\/es\/wp-json\/wp\/v2\/pages"}],"about":[{"href":"https:\/\/www.chinapowdercoating.com\/es\/wp-json\/wp\/v2\/types\/page"}],"author":[{"embeddable":true,"href":"https:\/\/www.chinapowdercoating.com\/es\/wp-json\/wp\/v2\/users\/1"}],"replies":[{"embeddable":true,"href":"https:\/\/www.chinapowdercoating.com\/es\/wp-json\/wp\/v2\/comments?post=173"}],"version-history":[{"count":3,"href":"https:\/\/www.chinapowdercoating.com\/es\/wp-json\/wp\/v2\/pages\/173\/revisions"}],"predecessor-version":[{"id":627,"href":"https:\/\/www.chinapowdercoating.com\/es\/wp-json\/wp\/v2\/pages\/173\/revisions\/627"}],"wp:attachment":[{"href":"https:\/\/www.chinapowdercoating.com\/es\/wp-json\/wp\/v2\/media?parent=173"}],"curies":[{"name":"wp","href":"https:\/\/api.w.org\/{rel}","templated":true}]}}