{"id":43,"date":"2018-09-24T01:25:26","date_gmt":"2018-09-24T01:25:26","guid":{"rendered":"https:\/\/www.chinapowdercoating.com\/es\/?page_id=43"},"modified":"2018-12-24T02:21:19","modified_gmt":"2018-12-24T02:21:19","slug":"electrostatica-pinturas-en-polvo","status":"publish","type":"page","link":"https:\/\/www.chinapowdercoating.com\/es\/electrostatica-pinturas-en-polvo\/","title":{"rendered":"Productos"},"content":{"rendered":"<p>Ofrecemos los siguientes tipos de Pintura en polvo Electrost\u00e1ticas, si tiene cualquiera pregunta, no dude en contactarnos.<\/p>\n\n<div class=\"ngg-albumoverview\">\t\n\t<!-- List of galleries -->\n\t\n\t<div class=\"ngg-album\">\n\t\t<div class=\"ngg-albumtitle\"><a href=\"https:\/\/www.chinapowdercoating.com\/es\/electrostatica-pinturas-en-polvo\/\">Epoxi <\/a><\/div>\n\t\t\t<div class=\"ngg-albumcontent\">\n\t\t\t\t<div class=\"ngg-thumbnail\">\n\t\t\t\t\t<a href=\"https:\/\/www.chinapowdercoating.com\/es\/electrostatica-pinturas-en-polvo\/\"><img class=\"Thumb\" alt=\"Epoxi \" src=\"https:\/\/www.chinapowdercoating.com\/es\/wp-content\/gallery\/epoxi\/cache\/Pinturas-epoxi-en-polvo.jpg-nggid011-ngg0dyn-250x100x100-00f0w010c011r110f110r010t010.jpg\"\/><\/a>\n\t\t\t\t<\/div>\n\t\t\t\t<div class=\"ngg-description\">\n\t\t\t\t<p>Las pinturas en polvo de tipo epoxi tienen una excelente resistencia qu\u00edmica, propiedades mec\u00e1nicas y propiedades anticorrosivas, lo que las hace ideales para aplicaciones interiores decorativas o funcionales.<\/p>\n\t\t\t\t\t\t\t\t<p class=\"ngg-album-gallery-image-counter\"><strong>1<\/strong>&nbsp;Fotos<\/p>\n\t\t\t\t\t\t\t<\/div>\n\t\t<\/div>\n\t<\/div>\n\n \t\n\t<div class=\"ngg-album\">\n\t\t<div class=\"ngg-albumtitle\"><a href=\"https:\/\/www.chinapowdercoating.com\/es\/electrostatica-pinturas-en-polvo\/\">Epoxi-Poli\u00e9ster (H\u00edbrido)<\/a><\/div>\n\t\t\t<div class=\"ngg-albumcontent\">\n\t\t\t\t<div class=\"ngg-thumbnail\">\n\t\t\t\t\t<a href=\"https:\/\/www.chinapowdercoating.com\/es\/electrostatica-pinturas-en-polvo\/\"><img class=\"Thumb\" alt=\"Epoxi-Poli\u00e9ster (H\u00edbrido)\" src=\"https:\/\/www.chinapowdercoating.com\/es\/wp-content\/gallery\/epoxi-poliester-hibrido\/cache\/epoxi-poli%C3%A9ster-h%C3%ADbrido-Pinturas-en-polvo.jpg-nggid012-ngg0dyn-250x100x100-00f0w010c011r110f110r010t010.jpg\"\/><\/a>\n\t\t\t\t<\/div>\n\t\t\t\t<div class=\"ngg-description\">\n\t\t\t\t<p>Las pinturas en polvo epoxi-poli\u00e9ster (h\u00edbridas), que combinan excelentes propiedades mec\u00e1nicas de la resina epoxi con resistencia a la cocci\u00f3n de la resina de poli\u00e9ster, son una elecci\u00f3n ideal para aplicaciones en interiores.<\/p>\n\t\t\t\t\t\t\t\t<p class=\"ngg-album-gallery-image-counter\"><strong>1<\/strong>&nbsp;Fotos<\/p>\n\t\t\t\t\t\t\t<\/div>\n\t\t<\/div>\n\t<\/div>\n\n \t\n\t<div class=\"ngg-album\">\n\t\t<div class=\"ngg-albumtitle\"><a href=\"https:\/\/www.chinapowdercoating.com\/es\/electrostatica-pinturas-en-polvo\/\">Poli\u00e9ster<\/a><\/div>\n\t\t\t<div class=\"ngg-albumcontent\">\n\t\t\t\t<div class=\"ngg-thumbnail\">\n\t\t\t\t\t<a href=\"https:\/\/www.chinapowdercoating.com\/es\/electrostatica-pinturas-en-polvo\/\"><img class=\"Thumb\" alt=\"Poli\u00e9ster\" src=\"https:\/\/www.chinapowdercoating.com\/es\/wp-content\/gallery\/poliester\/cache\/pinturasenpolvodepoli%C3%A9ster.jpg-nggid013-ngg0dyn-250x100x100-00f0w010c011r110f110r010t010.jpg\"\/><\/a>\n\t\t\t\t<\/div>\n\t\t\t\t<div class=\"ngg-description\">\n\t\t\t\t<p>Las pinturas en polvo de poli\u00e9ster ofrecen una excelente resistencia a la intemperie, excelentes propiedades mec\u00e1nicas y qu\u00edmicas, son una gran opci\u00f3n para aplicaciones en exteriores. TGIC y TGIC-Free est\u00e1n disponibles.<\/p>\n\t\t\t\t\t\t\t\t<p class=\"ngg-album-gallery-image-counter\"><strong>1<\/strong>&nbsp;Fotos<\/p>\n\t\t\t\t\t\t\t<\/div>\n\t\t<\/div>\n\t<\/div>\n\n \t\n\t<div class=\"ngg-album\">\n\t\t<div class=\"ngg-albumtitle\"><a href=\"https:\/\/www.chinapowdercoating.com\/es\/electrostatica-pinturas-en-polvo\/\">Poliuretano<\/a><\/div>\n\t\t\t<div class=\"ngg-albumcontent\">\n\t\t\t\t<div class=\"ngg-thumbnail\">\n\t\t\t\t\t<a href=\"https:\/\/www.chinapowdercoating.com\/es\/electrostatica-pinturas-en-polvo\/\"><img class=\"Thumb\" alt=\"Poliuretano\" src=\"https:\/\/www.chinapowdercoating.com\/es\/wp-content\/gallery\/poliuretano\/cache\/pinturas-en-polvo-de-poliuretano.jpg-nggid014-ngg0dyn-250x100x100-00f0w010c011r110f110r010t010.jpg\"\/><\/a>\n\t\t\t\t<\/div>\n\t\t\t\t<div class=\"ngg-description\">\n\t\t\t\t<p>Las pinturas en polvo de poliuretano proporcionan una excelente resistencia a la intemperie y propiedades anti-UV, junto con buenas propiedades qu\u00edmicas, son adecuadas para aplicaciones al aire libre.<\/p>\n\t\t\t\t\t\t\t\t<p class=\"ngg-album-gallery-image-counter\"><strong>1<\/strong>&nbsp;Fotos<\/p>\n\t\t\t\t\t\t\t<\/div>\n\t\t<\/div>\n\t<\/div>\n\n \t\n\t<div class=\"ngg-album\">\n\t\t<div class=\"ngg-albumtitle\"><a href=\"https:\/\/www.chinapowdercoating.com\/es\/electrostatica-pinturas-en-polvo\/\">Acr\u00edlico<\/a><\/div>\n\t\t\t<div class=\"ngg-albumcontent\">\n\t\t\t\t<div class=\"ngg-thumbnail\">\n\t\t\t\t\t<a href=\"https:\/\/www.chinapowdercoating.com\/es\/electrostatica-pinturas-en-polvo\/\"><img class=\"Thumb\" alt=\"Acr\u00edlico\" src=\"https:\/\/www.chinapowdercoating.com\/es\/wp-content\/gallery\/acrilico\/cache\/pinturas-en-polvo-acr%C3%ADlico.jpg-nggid015-ngg0dyn-250x100x100-00f0w010c011r110f110r010t010.jpg\"\/><\/a>\n\t\t\t\t<\/div>\n\t\t\t\t<div class=\"ngg-description\">\n\t\t\t\t<p>Los recubrimientos en polvo acr\u00edlico poseen buenas propiedades de resistencia, durabilidad y apariencia lisa, ideales para aplicaciones exteriores, se utilizan con frecuencia para productos con altos est\u00e1ndares de calidad.<\/p>\n\t\t\t\t\t\t\t\t<p class=\"ngg-album-gallery-image-counter\"><strong>1<\/strong>&nbsp;Fotos<\/p>\n\t\t\t\t\t\t\t<\/div>\n\t\t<\/div>\n\t<\/div>\n\n \t \t\n\t<!-- Pagination -->\n \t<div class='ngg-clear'><\/div> \t\n<\/div>\n\n\n","protected":false},"excerpt":{"rendered":"<p>Ofrecemos los siguientes tipos de Pintura en polvo Electrost\u00e1ticas, si tiene cualquiera pregunta, no dude en contactarnos.<\/p>\n","protected":false},"author":1,"featured_media":0,"parent":0,"menu_order":0,"comment_status":"closed","ping_status":"closed","template":"","meta":{"ngg_post_thumbnail":0},"aioseo_notices":[],"_links":{"self":[{"href":"https:\/\/www.chinapowdercoating.com\/es\/wp-json\/wp\/v2\/pages\/43"}],"collection":[{"href":"https:\/\/www.chinapowdercoating.com\/es\/wp-json\/wp\/v2\/pages"}],"about":[{"href":"https:\/\/www.chinapowdercoating.com\/es\/wp-json\/wp\/v2\/types\/page"}],"author":[{"embeddable":true,"href":"https:\/\/www.chinapowdercoating.com\/es\/wp-json\/wp\/v2\/users\/1"}],"replies":[{"embeddable":true,"href":"https:\/\/www.chinapowdercoating.com\/es\/wp-json\/wp\/v2\/comments?post=43"}],"version-history":[{"count":5,"href":"https:\/\/www.chinapowdercoating.com\/es\/wp-json\/wp\/v2\/pages\/43\/revisions"}],"predecessor-version":[{"id":669,"href":"https:\/\/www.chinapowdercoating.com\/es\/wp-json\/wp\/v2\/pages\/43\/revisions\/669"}],"wp:attachment":[{"href":"https:\/\/www.chinapowdercoating.com\/es\/wp-json\/wp\/v2\/media?parent=43"}],"curies":[{"name":"wp","href":"https:\/\/api.w.org\/{rel}","templated":true}]}}