{"id":47,"date":"2018-09-24T02:40:41","date_gmt":"2018-09-24T02:40:41","guid":{"rendered":"https:\/\/www.chinapowdercoating.com\/es\/?page_id=47"},"modified":"2019-07-11T08:52:48","modified_gmt":"2019-07-11T08:52:48","slug":"jinhu-color-feihong-pinturas-en-polvo","status":"publish","type":"page","link":"https:\/\/www.chinapowdercoating.com\/es\/jinhu-color-feihong-pinturas-en-polvo\/","title":{"rendered":"Sobre Nosotros"},"content":{"rendered":"<p>FEIHONG es un fabricante con m\u00e1s de 17 a\u00f1os de experiencia de Pintura en Polvo en China, ofrecemos soluciones efectivas para una amplia gama de aplicaciones en muebles, electrodom\u00e9sticos, arquitecturas, sobre todo a niveles industriales, se est\u00e1 popularizando en el mundo.<\/p>\n<h3>JINHU COLOR POWDER COATING CO.LTD<\/h3>\n<p><iframe loading=\"lazy\" src=\"https:\/\/www.youtube.com\/embed\/-makIg-FCNo\" width=\"560\" height=\"315\" frameborder=\"0\" allowfullscreen=\"allowfullscreen\"><\/iframe><\/p>\n<h3>QUIEN SOMOS<\/h3>\n<ul>\n<li>Fabricante profesional de pinturas en polvo en China desde 1993.<\/li>\n<li>El principal exportador de pinturas en polvo en China desde 1993.<\/li>\n<li>Ofreciendo soluciones efectivas de recubrimientos en aplicaci\u00f3n de recubrimientos en polvo.<\/li>\n<li>Ayude a los clientes a mejorar la productividad y reducir los costos generales.<\/li>\n<\/ul>\n<h3>LO QUE HACEMOS<\/h3>\n<ul>\n<li>Suministre polvos de calidad constante y confiable.<\/li>\n<li>Entender proactivamente las necesidades de los clientes para proporcionar servicios relevantes.<\/li>\n<li>El personal t\u00e9cnico est\u00e1 disponible para soporte t\u00e9cnico.<\/li>\n<li>Responda r\u00e1pidamente por el requerimiento de los clientes.<\/li>\n<li>Ofreciendo precios excelentes sin sacrificar la calidad del producto.<\/li>\n<\/ul>\n<h3>NUESTRA MISI\u00d3N<\/h3>\n<ul>\n<li>Dedicado a la comprensi\u00f3n proactiva de los clientes, a fin de proporcionar el servicio y soporte de productos relevantes.<\/li>\n<li>Dedicado a mantener una calidad \u00f3ptima y enfocarse en el principio de cero defectos.<\/li>\n<li>Comprometido a establecer una relaci\u00f3n a largo plazo para el desarrollo colaborativo con los clientes.<\/li>\n<li>Dedicado a desarrollar tecnolog\u00eda de recubrimientos en polvo respetuosa con el medio ambiente de acuerdo con las necesidades del cliente.<\/li>\n<\/ul>\n","protected":false},"excerpt":{"rendered":"<p>FEIHONG es un fabricante con m\u00e1s de 17 a\u00f1os de experiencia de Pintura en Polvo en China, ofrecemos soluciones efectivas para una amplia gama de aplicaciones en muebles, electrodom\u00e9sticos, arquitecturas, sobre todo a niveles industriales, se est\u00e1 popularizando en el mundo. JINHU COLOR POWDER COATING CO.LTD QUIEN SOMOS Fabricante profesional de pinturas en polvo en China desde 1993. El principal exportador de pinturas en polvo en China desde 1993. Ofreciendo soluciones efectivas de recubrimientos en aplicaci\u00f3n de recubrimientos en polvo.<a href=\"https:\/\/www.chinapowdercoating.com\/es\/jinhu-color-feihong-pinturas-en-polvo\/\" class=\"read-more\">Leer m\u00e1s &#8230;<\/a><\/p>\n","protected":false},"author":1,"featured_media":0,"parent":0,"menu_order":0,"comment_status":"closed","ping_status":"closed","template":"","meta":{"ngg_post_thumbnail":0},"aioseo_notices":[],"_links":{"self":[{"href":"https:\/\/www.chinapowdercoating.com\/es\/wp-json\/wp\/v2\/pages\/47"}],"collection":[{"href":"https:\/\/www.chinapowdercoating.com\/es\/wp-json\/wp\/v2\/pages"}],"about":[{"href":"https:\/\/www.chinapowdercoating.com\/es\/wp-json\/wp\/v2\/types\/page"}],"author":[{"embeddable":true,"href":"https:\/\/www.chinapowdercoating.com\/es\/wp-json\/wp\/v2\/users\/1"}],"replies":[{"embeddable":true,"href":"https:\/\/www.chinapowdercoating.com\/es\/wp-json\/wp\/v2\/comments?post=47"}],"version-history":[{"count":6,"href":"https:\/\/www.chinapowdercoating.com\/es\/wp-json\/wp\/v2\/pages\/47\/revisions"}],"predecessor-version":[{"id":771,"href":"https:\/\/www.chinapowdercoating.com\/es\/wp-json\/wp\/v2\/pages\/47\/revisions\/771"}],"wp:attachment":[{"href":"https:\/\/www.chinapowdercoating.com\/es\/wp-json\/wp\/v2\/media?parent=47"}],"curies":[{"name":"wp","href":"https:\/\/api.w.org\/{rel}","templated":true}]}}