{"id":554,"date":"2018-09-29T02:48:15","date_gmt":"2018-09-29T02:48:15","guid":{"rendered":"https:\/\/www.chinapowdercoating.com\/es\/?page_id=554"},"modified":"2018-09-29T02:48:15","modified_gmt":"2018-09-29T02:48:15","slug":"mercado-de-aplicaciones","status":"publish","type":"page","link":"https:\/\/www.chinapowdercoating.com\/es\/mercado-de-aplicaciones\/","title":{"rendered":"Mercado de Aplicaciones"},"content":{"rendered":"<ul class=\"ngg-breadcrumbs\">\n    <\/ul>\n<div class=\"ngg-albumoverview\">\t\n\t<!-- List of galleries -->\n\t\n\t<div class=\"ngg-album\">\n\t\t<div class=\"ngg-albumtitle\"><a href=\"https:\/\/www.chinapowdercoating.com\/es\/mercado-de-aplicaciones\/\">Arquitectura Construcci\u00f3n<\/a><\/div>\n\t\t\t<div class=\"ngg-albumcontent\">\n\t\t\t\t<div class=\"ngg-thumbnail\">\n\t\t\t\t\t<a href=\"https:\/\/www.chinapowdercoating.com\/es\/mercado-de-aplicaciones\/\"><img class=\"Thumb\" alt=\"Arquitectura Construcci\u00f3n\" src=\"https:\/\/www.chinapowdercoating.com\/es\/wp-content\/gallery\/arquitectura-construccion\/cache\/Architecture-Construction.jpg-nggid03130-ngg0dyn-250x110x100-00f0w010c011r110f110r010t010.jpg\"\/><\/a>\n\t\t\t\t<\/div>\n\t\t\t\t<div class=\"ngg-description\">\n\t\t\t\t<p>Nuestros revestimientos en polvo est\u00e1n formulados para casi todas las \u00e1reas de la industria de la construcci\u00f3n arquitect\u00f3nica, desde ventanas y puertas hasta impresionantes fachadas, terrazas, techos, barandas, cercas, balaustradas y compartimentos internos.<\/p>\n\t\t\t\t\t\t\t\t<p class=\"ngg-album-gallery-image-counter\"><strong>1<\/strong>&nbsp;Fotos<\/p>\n\t\t\t\t\t\t\t<\/div>\n\t\t<\/div>\n\t<\/div>\n\n \t\n\t<div class=\"ngg-album\">\n\t\t<div class=\"ngg-albumtitle\"><a href=\"https:\/\/www.chinapowdercoating.com\/es\/mercado-de-aplicaciones\/\">Mueble<\/a><\/div>\n\t\t\t<div class=\"ngg-albumcontent\">\n\t\t\t\t<div class=\"ngg-thumbnail\">\n\t\t\t\t\t<a href=\"https:\/\/www.chinapowdercoating.com\/es\/mercado-de-aplicaciones\/\"><img class=\"Thumb\" alt=\"Mueble\" src=\"https:\/\/www.chinapowdercoating.com\/es\/wp-content\/gallery\/mueble\/cache\/Furniture.jpg-nggid03132-ngg0dyn-250x110x100-00f0w010c011r110f110r010t010.jpg\"\/><\/a>\n\t\t\t\t<\/div>\n\t\t\t\t<div class=\"ngg-description\">\n\t\t\t\t<p>A nuestro alrededor, la individuaci\u00f3n, el pensamiento audaz y los dise\u00f1os elegantes y modernos llenan nuestra vida. Los muebles deben lucir magn\u00edficos, reflejar los gustos de hoy pero tambi\u00e9n hacer frente a las exigencias de una larga vida.<\/p>\n\t\t\t\t\t\t\t\t<p class=\"ngg-album-gallery-image-counter\"><strong>1<\/strong>&nbsp;Fotos<\/p>\n\t\t\t\t\t\t\t<\/div>\n\t\t<\/div>\n\t<\/div>\n\n \t\n\t<div class=\"ngg-album\">\n\t\t<div class=\"ngg-albumtitle\"><a href=\"https:\/\/www.chinapowdercoating.com\/es\/mercado-de-aplicaciones\/\">Equipamiento agr\u00edcola<\/a><\/div>\n\t\t\t<div class=\"ngg-albumcontent\">\n\t\t\t\t<div class=\"ngg-thumbnail\">\n\t\t\t\t\t<a href=\"https:\/\/www.chinapowdercoating.com\/es\/mercado-de-aplicaciones\/\"><img class=\"Thumb\" alt=\"Equipamiento agr\u00edcola\" src=\"https:\/\/www.chinapowdercoating.com\/es\/wp-content\/gallery\/equipamiento-agricola\/cache\/Agricultur-Equipment.jpg-nggid03128-ngg0dyn-250x110x100-00f0w010c011r110f110r010t010.jpg\"\/><\/a>\n\t\t\t\t<\/div>\n\t\t\t\t<div class=\"ngg-description\">\n\t\t\t\t<p>En la industria de la agricultura, muchos equipos de construcci\u00f3n, tales como excavadoras, tractores, excavadoras toman muchos abusos. Por lo tanto, los recubrimientos que los protegen deben ser fuertes y de alta duraci\u00f3n.<\/p>\n\t\t\t\t\t\t\t\t<p class=\"ngg-album-gallery-image-counter\"><strong>1<\/strong>&nbsp;Fotos<\/p>\n\t\t\t\t\t\t\t<\/div>\n\t\t<\/div>\n\t<\/div>\n\n \t\n\t<div class=\"ngg-album\">\n\t\t<div class=\"ngg-albumtitle\"><a href=\"https:\/\/www.chinapowdercoating.com\/es\/mercado-de-aplicaciones\/\">Industria general<\/a><\/div>\n\t\t\t<div class=\"ngg-albumcontent\">\n\t\t\t\t<div class=\"ngg-thumbnail\">\n\t\t\t\t\t<a href=\"https:\/\/www.chinapowdercoating.com\/es\/mercado-de-aplicaciones\/\"><img class=\"Thumb\" alt=\"Industria general\" src=\"https:\/\/www.chinapowdercoating.com\/es\/wp-content\/gallery\/industria-general\/cache\/General-Industry.jpg-nggid03133-ngg0dyn-250x110x100-00f0w010c011r110f110r010t010.jpg\"\/><\/a>\n\t\t\t\t<\/div>\n\t\t\t\t<div class=\"ngg-description\">\n\t\t\t\t<p>General Industry, uno de nuestros mercados m\u00e1s grandes, incluye iluminaci\u00f3n para interiores y exteriores, energ\u00eda, empaques, atenci\u00f3n m\u00e9dica, transporte p\u00fablico y otros, como equipos de jardiner\u00eda, herramientas, se\u00f1alizaci\u00f3n, equipos de exhibici\u00f3n, cerraduras de manijas de puertas.<\/p>\n\t\t\t\t\t\t\t\t<p class=\"ngg-album-gallery-image-counter\"><strong>1<\/strong>&nbsp;Fotos<\/p>\n\t\t\t\t\t\t\t<\/div>\n\t\t<\/div>\n\t<\/div>\n\n \t\n\t<div class=\"ngg-album\">\n\t\t<div class=\"ngg-albumtitle\"><a href=\"https:\/\/www.chinapowdercoating.com\/es\/mercado-de-aplicaciones\/\">Usos dom\u00e9sticos<\/a><\/div>\n\t\t\t<div class=\"ngg-albumcontent\">\n\t\t\t\t<div class=\"ngg-thumbnail\">\n\t\t\t\t\t<a href=\"https:\/\/www.chinapowdercoating.com\/es\/mercado-de-aplicaciones\/\"><img class=\"Thumb\" alt=\"Usos dom\u00e9sticos\" src=\"https:\/\/www.chinapowdercoating.com\/es\/wp-content\/gallery\/usos-domesticos\/cache\/Domestic-Appliances.jpg-nggid03131-ngg0dyn-250x110x100-00f0w010c011r110f110r010t010.jpg\"\/><\/a>\n\t\t\t\t<\/div>\n\t\t\t\t<div class=\"ngg-description\">\n\t\t\t\t<p>El aparato es una parte esencial de nuestra vida cotidiana. Las cocinas, congeladores, radiadores, lavadoras, aire acondicionado, calefacci\u00f3n, etc. deben ser tan inteligentes en su apariencia como en su funcionalidad.<\/p>\n\t\t\t\t\t\t\t\t<p class=\"ngg-album-gallery-image-counter\"><strong>1<\/strong>&nbsp;Fotos<\/p>\n\t\t\t\t\t\t\t<\/div>\n\t\t<\/div>\n\t<\/div>\n\n \t\n\t<div class=\"ngg-album\">\n\t\t<div class=\"ngg-albumtitle\"><a href=\"https:\/\/www.chinapowdercoating.com\/es\/mercado-de-aplicaciones\/\">Automotor<\/a><\/div>\n\t\t\t<div class=\"ngg-albumcontent\">\n\t\t\t\t<div class=\"ngg-thumbnail\">\n\t\t\t\t\t<a href=\"https:\/\/www.chinapowdercoating.com\/es\/mercado-de-aplicaciones\/\"><img class=\"Thumb\" alt=\"Automotor\" src=\"https:\/\/www.chinapowdercoating.com\/es\/wp-content\/gallery\/automotor\/cache\/automotive.jpg-nggid03129-ngg0dyn-250x110x100-00f0w010c011r110f110r010t010.jpg\"\/><\/a>\n\t\t\t\t<\/div>\n\t\t\t\t<div class=\"ngg-description\">\n\t\t\t\t<p>En la industria automotriz, nuestros recubrimientos en polvo se utilizan ampliamente en una amplia gama de aplicaciones, desde trabajos de carrocer\u00eda y adornos hasta llantas de aluminio y moldeado.<\/p>\n\t\t\t\t\t\t\t\t<p class=\"ngg-album-gallery-image-counter\"><strong>1<\/strong>&nbsp;Fotos<\/p>\n\t\t\t\t\t\t\t<\/div>\n\t\t<\/div>\n\t<\/div>\n\n \t \t\n\t<!-- Pagination -->\n \t<div class='ngg-clear'><\/div> \t\n<\/div>\n\n\n","protected":false},"excerpt":{"rendered":"","protected":false},"author":1,"featured_media":0,"parent":0,"menu_order":0,"comment_status":"closed","ping_status":"closed","template":"","meta":{"ngg_post_thumbnail":0},"aioseo_notices":[],"_links":{"self":[{"href":"https:\/\/www.chinapowdercoating.com\/es\/wp-json\/wp\/v2\/pages\/554"}],"collection":[{"href":"https:\/\/www.chinapowdercoating.com\/es\/wp-json\/wp\/v2\/pages"}],"about":[{"href":"https:\/\/www.chinapowdercoating.com\/es\/wp-json\/wp\/v2\/types\/page"}],"author":[{"embeddable":true,"href":"https:\/\/www.chinapowdercoating.com\/es\/wp-json\/wp\/v2\/users\/1"}],"replies":[{"embeddable":true,"href":"https:\/\/www.chinapowdercoating.com\/es\/wp-json\/wp\/v2\/comments?post=554"}],"version-history":[{"count":2,"href":"https:\/\/www.chinapowdercoating.com\/es\/wp-json\/wp\/v2\/pages\/554\/revisions"}],"predecessor-version":[{"id":618,"href":"https:\/\/www.chinapowdercoating.com\/es\/wp-json\/wp\/v2\/pages\/554\/revisions\/618"}],"wp:attachment":[{"href":"https:\/\/www.chinapowdercoating.com\/es\/wp-json\/wp\/v2\/media?parent=554"}],"curies":[{"name":"wp","href":"https:\/\/api.w.org\/{rel}","templated":true}]}}