{"id":556,"date":"2018-09-29T03:00:20","date_gmt":"2018-09-29T03:00:20","guid":{"rendered":"https:\/\/www.chinapowdercoating.com\/es\/?page_id=556"},"modified":"2018-09-29T03:00:57","modified_gmt":"2018-09-29T03:00:57","slug":"buscando-agentes","status":"publish","type":"page","link":"https:\/\/www.chinapowdercoating.com\/es\/buscando-agentes\/","title":{"rendered":"Buscando Agentes"},"content":{"rendered":"<p><img decoding=\"async\" loading=\"lazy\" class=\"aligncenter size-full wp-image-6271\" src=\"http:\/\/www.chinapowdercoating.com\/wp-content\/uploads\/2017\/01\/powder-coating-agent-wangted.png\" alt=\"Pinturas en polvo ,Buscando un Agente \" width=\"500\" height=\"\"><\/p>\n<p>\u201cFEIHONG Powders\u201d est\u00e1 siempre en busca de agentes y distribuidores en todo el mundo. Si est\u00e1 interesado en la gama de productos FEIHONG y conf\u00eda en que \u00abFEIHONG Powders\u00bb podr\u00eda ser el socio adecuado para su negocio, cont\u00e1ctenos, posiblemente se considere una visita.<\/p>\n<p>Por favor, mencione su informaci\u00f3n completa, incluyendo la funci\u00f3n actual, el nombre comercial, una breve descripci\u00f3n de la experiencia exitosa que tiene en la venta de productos similares y sus datos de contacto.<\/p>\n","protected":false},"excerpt":{"rendered":"<p>\u201cFEIHONG Powders\u201d est\u00e1 siempre en busca de agentes y distribuidores en todo el mundo. Si est\u00e1 interesado en la gama de productos FEIHONG y conf\u00eda en que \u00abFEIHONG Powders\u00bb podr\u00eda ser el socio adecuado para su negocio, cont\u00e1ctenos, posiblemente se considere una visita. Por favor, mencione su informaci\u00f3n completa, incluyendo la funci\u00f3n actual, el nombre comercial, una breve descripci\u00f3n de la experiencia exitosa que tiene en la venta de productos similares y sus datos de contacto.<\/p>\n","protected":false},"author":1,"featured_media":0,"parent":0,"menu_order":0,"comment_status":"closed","ping_status":"closed","template":"fullwidth.php","meta":{"ngg_post_thumbnail":0},"aioseo_notices":[],"_links":{"self":[{"href":"https:\/\/www.chinapowdercoating.com\/es\/wp-json\/wp\/v2\/pages\/556"}],"collection":[{"href":"https:\/\/www.chinapowdercoating.com\/es\/wp-json\/wp\/v2\/pages"}],"about":[{"href":"https:\/\/www.chinapowdercoating.com\/es\/wp-json\/wp\/v2\/types\/page"}],"author":[{"embeddable":true,"href":"https:\/\/www.chinapowdercoating.com\/es\/wp-json\/wp\/v2\/users\/1"}],"replies":[{"embeddable":true,"href":"https:\/\/www.chinapowdercoating.com\/es\/wp-json\/wp\/v2\/comments?post=556"}],"version-history":[{"count":1,"href":"https:\/\/www.chinapowdercoating.com\/es\/wp-json\/wp\/v2\/pages\/556\/revisions"}],"predecessor-version":[{"id":557,"href":"https:\/\/www.chinapowdercoating.com\/es\/wp-json\/wp\/v2\/pages\/556\/revisions\/557"}],"wp:attachment":[{"href":"https:\/\/www.chinapowdercoating.com\/es\/wp-json\/wp\/v2\/media?parent=556"}],"curies":[{"name":"wp","href":"https:\/\/api.w.org\/{rel}","templated":true}]}}